{"id":1532,"date":"2021-08-07T20:05:21","date_gmt":"2021-08-07T20:05:21","guid":{"rendered":"https:\/\/aurora-sm.ro\/new\/?page_id=1532"},"modified":"2023-09-13T13:40:58","modified_gmt":"2023-09-13T11:40:58","slug":"politica-de-confidentialitate","status":"publish","type":"page","link":"https:\/\/aurora-sm.ro\/new\/contact\/politica-de-confidentialitate\/","title":{"rendered":"Politica de confiden\u021bialitate"},"content":{"rendered":"\t\t<div data-elementor-type=\"wp-page\" data-elementor-id=\"1532\" class=\"elementor elementor-1532\">\n\t\t\t\t\t\t<div class=\"elementor-inner\">\n\t\t\t\t<div class=\"elementor-section-wrap\">\n\t\t\t\t\t\t\t\t\t<section class=\"elementor-section elementor-top-section elementor-element elementor-element-32ce322 elementor-section-boxed elementor-section-height-default elementor-section-height-default\" data-id=\"32ce322\" data-element_type=\"section\">\n\t\t\t\t\t\t<div class=\"elementor-container elementor-column-gap-default\">\n\t\t\t\t\t\t\t<div class=\"elementor-row\">\n\t\t\t\t\t<div class=\"elementor-column elementor-col-100 elementor-top-column elementor-element elementor-element-64bdd4e\" data-id=\"64bdd4e\" data-element_type=\"column\">\n\t\t\t<div class=\"elementor-column-wrap elementor-element-populated\">\n\t\t\t\t\t\t\t<div class=\"elementor-widget-wrap\">\n\t\t\t\t\t\t<div class=\"elementor-element elementor-element-285c99d elementor-widget elementor-widget-spacer\" data-id=\"285c99d\" data-element_type=\"widget\" data-widget_type=\"spacer.default\">\n\t\t\t\t<div class=\"elementor-widget-container\">\n\t\t\t\t\t<div class=\"elementor-spacer\">\n\t\t\t<div class=\"elementor-spacer-inner\"><\/div>\n\t\t<\/div>\n\t\t\t\t<\/div>\n\t\t\t\t<\/div>\n\t\t\t\t<div class=\"elementor-element elementor-element-a096cfe elementor-widget elementor-widget-heading\" data-id=\"a096cfe\" data-element_type=\"widget\" data-widget_type=\"heading.default\">\n\t\t\t\t<div class=\"elementor-widget-container\">\n\t\t\t<h2 class=\"elementor-heading-title elementor-size-default\">POLITICA DE UTILIZARE <p>A COOKIE-URILOR<\/h2>\t\t<\/div>\n\t\t\t\t<\/div>\n\t\t\t\t<div class=\"elementor-element elementor-element-a1a1184 elementor-widget-divider--view-line_text elementor-widget-divider--element-align-center elementor-invisible elementor-widget elementor-widget-divider\" data-id=\"a1a1184\" data-element_type=\"widget\" data-settings=\"{&quot;_animation&quot;:&quot;fadeIn&quot;,&quot;_animation_delay&quot;:200}\" data-widget_type=\"divider.default\">\n\t\t\t\t<div class=\"elementor-widget-container\">\n\t\t\t\t\t<div class=\"elementor-divider\">\n\t\t\t<span class=\"elementor-divider-separator\">\n\t\t\t\t\t\t\t<span class=\"elementor-divider__text elementor-divider__element\">\n\t\t\t\thra\t\t\t\t<\/span>\n\t\t\t\t\t\t<\/span>\n\t\t<\/div>\n\t\t\t\t<\/div>\n\t\t\t\t<\/div>\n\t\t\t\t<div class=\"elementor-element elementor-element-79ceff1 elementor-widget elementor-widget-text-editor\" data-id=\"79ceff1\" data-element_type=\"widget\" data-widget_type=\"text-editor.default\">\n\t\t\t\t<div class=\"elementor-widget-container\">\n\t\t\t\t\t\t\t\t<div class=\"elementor-text-editor elementor-clearfix\">\n\t\t\t\t<p>&nbsp; &nbsp; &nbsp; &nbsp; &nbsp; &nbsp;Document de informare a utilizatorilor despre prezen\u021ba cookie-urilor pe site-ul web aurora-sm.ro. Informa\u021biile prezentate \u00een continuare au scopul de a aduce la cuno\u0219tin\u021ba utilizatorului mai multe detalii despre plasarea, utilizarea \u0219i administrarea cookie-urilor utilizate de site-ul aurora-sm.ro<\/p>\n<p><strong>Ce este un cookie?<\/strong><\/p>\n<p>&nbsp; &nbsp; &nbsp; &nbsp; &nbsp; Un cookie este un fi\u0219ier text care con\u021bine informa\u021bii desc\u0103rcate pe dispozitivul dumneavoastr\u0103 atunci c\u00e2nd vizita\u021bi (pentru prima dat\u0103) un site web. Acel cookie este trimis \u00eenapoi la fiecare vizit\u0103 ulterioar\u0103 c\u0103tre site-ul web de origine sau c\u0103tre alt site web care \u00eel recunoa\u0219te. Cookie-urile sunt utile deoarece permit unui site web s\u0103 recunoasc\u0103 un dispozitiv \u0219i v\u0103 ofer\u0103 o experien\u021b\u0103 mai eficient\u0103 \u0219i personalizat\u0103.<\/p>\n<p><em>&nbsp; &nbsp; &nbsp; &nbsp; &nbsp; &nbsp; Cookie-urile proprietare<\/em>&nbsp;sunt cookie-uri utilizate de site c\u00e2nd vizita\u021bi \u0219i sunt de urm\u0103toarele tipuri: tehnice, de sesiune, persistente \u0219i func\u021bionale:<\/p>\n<ul>\n<li>Cookie-urile tehnice&nbsp;sunt esen\u021biale pentru func\u021bionarea corect\u0103 a site-ului web. Aceste cookie-uri v\u0103 permit s\u0103 naviga\u021bi \u00eentre diferite sec\u021biuni ale site-ului web \u0219i s\u0103 utiliza\u021bi func\u021bii specifice.<\/li>\n<li>Cookie-urile de sesiune&nbsp;sunt cookie-uri temporare care v\u0103 permit s\u0103 naviga\u021bi simplu \u0219i rapid pe site.<\/li>\n<li>Cookie-urile persistente sau \u2018cookie-urile de urm\u0103rire\u2019&nbsp;dureaz\u0103 mai multe sesiuni \u0219i r\u0103m\u00e2n \u00een browser o perioad\u0103 de timp dup\u0103 \u00eencheierea sesiunii (dac\u0103 nu le \u0219terge\u021bi).<\/li>\n<li>Cookie-urile func\u021bionale monitorizeaz\u0103 func\u021bionarea corect\u0103 a site-ului web \u0219i \u00eei permit acestuia s\u0103 \u021bin\u0103 minte op\u021biunile dumneavoastr\u0103 (de ex., limba, numele de utilizator sau regiunea). Acestea ofer\u0103 func\u021bii \u00eembun\u0103t\u0103\u021bite \u0219i personale, care v\u0103 ajut\u0103 s\u0103 nu mai selecta\u021bi op\u021biunile de fiecare dat\u0103 c\u00e2nd vizita\u021bi site-ul web.<\/li>\n<\/ul>\n<p><em>&nbsp; &nbsp; &nbsp; &nbsp; &nbsp;Cookie-urile ter\u021be<\/em>&nbsp;sunt module cookie care sunt utilizate de aurora-sm.ro c\u00e2nd vizita\u021bi unul dintre site-urile noastre web \u0219i sunt de urm\u0103toarele tipuri:<\/p>\n<ul>\n<li>Cookie-urile de performan\u021b\u0103&nbsp;(Google Analytics): colecteaz\u0103 informa\u021bii anonime \u0219i centralizate despre comportamentul dumneavoastr\u0103 online (tipul de browser, adresa IP, sistemul de operare utilizat, numele domeniului site-ului pe care l-a\u021bi vizitat \u0219i momentul p\u0103r\u0103sirii site-ului, data \u0219i ora la care a\u021bi vizitat un site web, etc.) \u00een scopuri statistice \u0219i pentru generarea profilurilor vizitatorilor.&nbsp;Pentru mai multe informa\u021bii v\u0103 rug\u0103m s\u0103 accesa\u021bi&nbsp;<a href=\"https:\/\/policies.google.com\/privacy?hl=ro#infocollect\" target=\"_blank\" rel=\"noopener\">politica de confiden\u021bialitate&nbsp;a Google<\/a>.<\/li>\n<li>Cookie-urile pe care le folose\u0219te aurora-sm.ro nu colecteaz\u0103 date care s\u0103 v\u0103 dezv\u0103luie identitatea \u0219i, de aceea, nu v\u0103 putem identifica cu ajutorul lor.<\/li>\n<\/ul>\n<p><strong>Cum respinge\u021bi cookie-urile?<\/strong><\/p>\n<p>&nbsp; &nbsp; &nbsp; &nbsp; &nbsp; Pute\u021bi s\u0103 v\u0103 retrage\u021bi \u00een orice moment acordul \u0219terg\u00e2nd cookie-urile din browser.<\/p>\t\t\t\t\t<\/div>\n\t\t\t\t\t\t<\/div>\n\t\t\t\t<\/div>\n\t\t\t\t<div class=\"elementor-element elementor-element-1af9557 elementor-widget elementor-widget-spacer\" data-id=\"1af9557\" data-element_type=\"widget\" data-widget_type=\"spacer.default\">\n\t\t\t\t<div class=\"elementor-widget-container\">\n\t\t\t\t\t<div class=\"elementor-spacer\">\n\t\t\t<div class=\"elementor-spacer-inner\"><\/div>\n\t\t<\/div>\n\t\t\t\t<\/div>\n\t\t\t\t<\/div>\n\t\t\t\t<div class=\"elementor-element elementor-element-3566b9b elementor-widget elementor-widget-heading\" data-id=\"3566b9b\" data-element_type=\"widget\" data-widget_type=\"heading.default\">\n\t\t\t\t<div class=\"elementor-widget-container\">\n\t\t\t<h2 class=\"elementor-heading-title elementor-size-default\">POLITICA DE CONFIDEN\u021aIALITATE<\/h2>\t\t<\/div>\n\t\t\t\t<\/div>\n\t\t\t\t<div class=\"elementor-element elementor-element-13427a1 elementor-widget-divider--view-line_text elementor-widget-divider--element-align-center elementor-invisible elementor-widget elementor-widget-divider\" data-id=\"13427a1\" data-element_type=\"widget\" data-settings=\"{&quot;_animation&quot;:&quot;fadeIn&quot;,&quot;_animation_delay&quot;:200}\" data-widget_type=\"divider.default\">\n\t\t\t\t<div class=\"elementor-widget-container\">\n\t\t\t\t\t<div class=\"elementor-divider\">\n\t\t\t<span class=\"elementor-divider-separator\">\n\t\t\t\t\t\t\t<span class=\"elementor-divider__text elementor-divider__element\">\n\t\t\t\thra\t\t\t\t<\/span>\n\t\t\t\t\t\t<\/span>\n\t\t<\/div>\n\t\t\t\t<\/div>\n\t\t\t\t<\/div>\n\t\t\t\t<div class=\"elementor-element elementor-element-787571d elementor-widget elementor-widget-text-editor\" data-id=\"787571d\" data-element_type=\"widget\" data-widget_type=\"text-editor.default\">\n\t\t\t\t<div class=\"elementor-widget-container\">\n\t\t\t\t\t\t\t\t<div class=\"elementor-text-editor elementor-clearfix\">\n\t\t\t\t<p><strong>Informa\u021bii generale<\/strong><\/p><p>Confiden\u021bialitatea datelor dumneavoastr\u0103 cu caracter personal reprezint\u0103 una dintre preocup\u0103rile aurora-sm.ro, \u00een calitate de operator de date.<br \/>Acest document are rolul de a v\u0103 informa cu privire la prelucrarea datelor dumneavoastr\u0103 cu caracter personal, \u00een contextul utiliz\u0103rii paginii de internet [nume de domeniu \/ nume website]. (\u201eSite-ul\u201d)<\/p><p><strong>Categoriile de date cu caracter personal prelucrate<\/strong><\/p><p>Dac\u0103 sunte\u021bi vizitator al Site-ului, administratorul aurora-sm.ro va prelucra datele dumneavoastr\u0103 cu caracter personal pe care le furniza\u021bi \u00een mod direct \u00een contextul utiliz\u0103rii Site-ului, cum ar fi datele pe care le furniza\u021bi \u00een cadrul sec\u021biunii de contact \/ \u00eentreb\u0103ri \/ reclama\u021bii, \u00een m\u0103sura \u00een care ne contacta\u021bi \u00een acest fel.<\/p><p><strong>Scopurile \u0219i temeiurile de prelucr\u0103rii<\/strong><\/p><p>Furnizarea datelor dumneavoastr\u0103 \u00een acest scop este voluntar\u0103. Refuzul furniz\u0103rii consim\u021b\u0103m\u00e2ntului pentru prelucrarea datelor dumneavoastr\u0103 \u00een acest scop nu va avea urm\u0103ri negative pentru dumneavoastr\u0103.<\/p><p>* \u00een scopul efectu\u0103rii diverselor analize, raport\u0103ri privind modul de func\u021bionare a Site-ului, realizarea de profiluri de preferin\u0163e de consum, \u00een principal, \u00een vederea \u00eembun\u0103t\u0103\u0163iri experien\u021bei oferite pe Site.<\/p><p><em>Temei: Prelucrarea datelor dumneavoastr\u0103 pentru acest scop are la baz\u0103 interesul legitim al administratorului\u00a0\u00a0<\/em>aurora-sm.ro<em>\u00a0de a \u00eembun\u0103t\u0103\u021bii permanent experien\u021ba clien\u021bilor pe Site. Furnizarea datelor dumneavoastr\u0103 \u00een acest scop este voluntar\u0103. Refuzul furniz\u0103rii datelor pentru acest scop nu va avea urm\u0103ri negative pentru dumneavoastr\u0103.<\/em><\/p><p>Dac\u0103 sunte\u021bi vizitator al Site-ului, [de\u021bin\u0103torul website-ului] prelucreaz\u0103 datele dumneavoastr\u0103 cu caracter personal astfel:<\/p><p>* pentru activit\u0103\u0163i de marketing, respectiv pentru transmiterea, prin intermediul mijloacelor de comunicare la distan\u0163\u0103 (e-mail, sms), de comunic\u0103ri comerciale privind produsele \u015fi serviciile oferite de [de\u021bin\u0103torul website-ului], prin intermediul Site-ului.<\/p><p><em>Temei: Prelucrarea datelor dumneavoastr\u0103 pentru acest scop are la baz\u0103 consim\u021b\u0103m\u00e2ntul dumneavoastr\u0103, dac\u0103 alege\u021bi s\u0103-l furniza\u021bi.<\/em><\/p><p>Furnizarea datelor dumneavoastr\u0103 \u00een acest scop este voluntar\u0103. Refuzul furniz\u0103rii consim\u021b\u0103m\u00e2ntului pentru prelucrarea datelor dumneavoastr\u0103 \u00een acest scop nu va avea urm\u0103ri negative pentru dumneavoastr\u0103.<\/p><p>* pentru rezolvarea pl\u00e2ngerilor, reclama\u0163iilor \u015fi pentru a monitoriza traficul \u0219i a \u00eembun\u0103t\u0103\u0163ii experien\u021ba dumneavoastr\u0103 oferit\u0103 pe Site.<\/p><p><em>Temei: Prelucrarea datelor dumneavoastr\u0103 pentru acest scop are la baz\u0103 interesul legitim al[de\u021bin\u0103torul website-ului] de a asigura func\u021bionarea corect\u0103 a Site-ului, precum \u0219i pentru a \u00eembun\u0103t\u0103\u021bii permanent experien\u021ba vizitatorilor Site-ului, inclusiv prin solu\u021bionarea diferitelor comentarii, \u00eentreb\u0103ri sau reclama\u021bii.<\/em><\/p><p>Furnizarea datelor dumneavoastr\u0103 \u00een acest scop este voluntar\u0103. Refuzul furniz\u0103rii datelor pentru acest scop nu va avea urm\u0103ri negative pentru dumneavoastr\u0103.<\/p><p><strong>Durata pentru care v\u0103 prelucr\u0103m datele<\/strong><\/p><p>Ca principiu, administratorul aurora-sm.ro va prelucra datele dumneavoastr\u0103 cu caracter personal at\u00e2t c\u00e2t este necesar pentru realizarea scopurilor de prelucrare men\u021bionate mai sus.<\/p><p><strong>Dezv\u0103luirea datelor cu caracter personal<\/strong><\/p><p>Pentru \u00eendeplinirea scopurilor de prelucrare, administratorul aurora-sm.ro poate dezv\u0103lui datele dumneavoastr\u0103 c\u0103tre parteneri, c\u0103tre ter\u021be persoane sau entit\u0103\u021bi care sprijin\u0103 aurora-sm.ro<span style=\"font-size: 14px;\">\u00a0\u00een desf\u0103\u0219urarea activit\u0103\u021bii prin intermediul Site-ului (de exemplu, furnizori de servicii IT), ori c\u0103tre autorit\u0103\u021bile publice centrale\/locale, \u00een urm\u0103toarele cazuri exemplificativ enumerate:<\/span><\/p><p>* pentru administrarea Site-ului;<br \/>* \u00een situa\u021biile \u00een care aceast\u0103 comunicare ar fi necesar\u0103 pentru atribuirea de premii sau alte facilit\u0103\u021bi persoanelor vizate, ob\u021binute ca urmare a particip\u0103rii lor la diverse campanii promo\u021bionale organizate de c\u0103tre [de\u021bin\u0103torul website-ului] prin intermediul Site-ului;<br \/>* pentru men\u021binerea, personalizarea \u0219i \u00eembun\u0103t\u0103\u021birea Site-ului \u0219i a serviciilor derulate prin intermediul lui;<br \/>* pentru efectuarea analizei datelor, testarea \u0219i cercetarea, monitorizarea tendin\u021belor de utilizare \u0219i activitate, dezvoltarea caracteristicilor de siguran\u021b\u0103 \u0219i autentificarea utilizatorilor;<br \/>* pentru transmiterea de comunic\u0103ri comerciale de marketing, \u00een condi\u021biile \u0219i limitele prev\u0103zute de lege;<br \/>* atunci c\u00e2nd dezv\u0103luirea datelor cu caracter personal este prev\u0103zut\u0103 de lege etc.<\/p><p><strong>Transferul datelor cu caracter personal<\/strong><\/p><p>Datele cu caracter personal furnizate c\u0103tre administratorul aurora-sm.ro, nu sunt transferate, nu sunt vandute, sau utilizare pe alte platforme.<\/p><p><strong>Drepturile de care beneficia\u021bi<\/strong><\/p><p>\u00cen condi\u021biile prev\u0103zute de legisla\u021bia \u00een materia prelucr\u0103rii datelor cu caracter personal, \u00een calitate de persoane vizate, beneficia\u021bi de urm\u0103toarele drepturi:<\/p><p>* dreptul la informare, respectiv dreptul de a primi detalii privind activit\u0103\u021bile de prelucrare efectuate de c\u0103tre [de\u021bin\u0103torul website-ului], conform celor descrise \u00een prezentul document;<br \/>* dreptul de acces la date, respectiv dreptul de a ob\u021bine confirmarea din partea [de\u021bin\u0103torul website-ului] cu privire la prelucrarea datelor cu caracter personal, precum \u0219i detalii privind activit\u0103\u021bile de prelucrare precum modalitatea \u00een care sunt prelucrate datele, scopul \u00een care se face prelucrarea, destinatarii sau categoriile de destinatari ai datelor, etc;<br \/>* dreptul la rectificare, respectiv dreptul de a ob\u021bine corectarea, f\u0103r\u0103 \u00eent\u00e2rzieri justificate, de c\u0103tre [de\u021bin\u0103torul website-ului] a datelor cu caracter personal inexacte\/ nejustificate, precum \u0219i completarea datelor incomplete; Rectificarea\/ completarea va fi comunicat\u0103 fiec\u0103rui destinatar la care au fost transmise datele, cu excep\u021bia cazului \u00een care acest lucru se dovede\u0219te imposibil sau presupune eforturi dispropor\u021bionate.<br \/>* dreptul la \u0219tergerea datelor, f\u0103r\u0103 \u00eent\u00e2rzieri nejustificate, (\u201edreptul de a fi uitat\u201d), \u00een cazul in care se aplic\u0103 unul dintre urm\u0103toarele motive:<br \/>\u2013 acestea nu mai sunt necesare pentru \u00eendeplinirea scopurilor pentru care au fost colectate sau prelucrate;<br \/>\u2013 \u00een cazul \u00een care este retras consim\u021b\u0103m\u00e2ntul \u0219i nu exist\u0103 niciun alt temei juridic pentru prelucrare;<br \/>\u2013 \u00een cazul \u00een care persoana vizat\u0103 se opune prelucr\u0103rii \u0219i nu exist\u0103 motive legitime care s\u0103 prevaleze;<br \/>\u2013 \u00een cazul \u00een care datele cu caracter personal au fost prelucrate ilegal;<br \/>\u2013 \u00een cazul \u00een care datele cu caracter personal trebuie \u0219terse pentru respectarea unei obliga\u021bii legale;<br \/>\u2013 datele cu caracter personal au fost colectate \u00een leg\u0103tur\u0103 cu oferirea de servicii ale societ\u0103\u021bii informa\u021bionale conform dreptului Uniunii sau al dreptului intern sub incidenta c\u0103ruia se afl\u0103 operatorul.<\/p><p>Este posibil ca, \u00een urma solicit\u0103rii de \u0219tergere a datelor, [de\u021bin\u0103torul website-ului] s\u0103 anonimizeze aceste date (lipsindu-le astfel de caracterul personal) \u0219i s\u0103 continue \u00een aceste condi\u021bii prelucrarea pentru scopuri statistice;<\/p><p>* dreptul la restric\u021bionarea prelucr\u0103rii \u00een m\u0103sura \u00een care :<br \/>\u2013 persoana contest\u0103 exactitatea datelor, pe o perioad\u0103 care ne permite verificarea corectitudinii datelor;<br \/>\u2013 prelucrarea este ilegal\u0103, iar persoana vizat\u0103 se opune \u0219tergerii datelor cu caracter personal, solicit\u00e2nd \u00een schimb restric\u021bionarea utiliz\u0103rii lor;<br \/>\u2013 operatorul nu mai are nevoie de datele cu caracter personal \u00een scopul prelucr\u0103rii, dar persoana vizat\u0103 i le solicit\u0103 pentru constatarea, exercitarea sau ap\u0103rarea unui drept \u00een instan\u021b\u0103; sau<br \/>\u2013 persoana vizat\u0103 s-a opus prelucr\u0103rii (altele dec\u00e2t cele de marketing direct), pentru intervalul de timp \u00een care se verific\u0103 dac\u0103 drepturile legitime ale operatorului prevaleaz\u0103 asupra celor ale persoanei vizate.<br \/>* dreptul la portabilitatea datelor, respectiv (i) dreptul de a primi datele cu caracter personal \u00eentr-o modalitate structurat\u0103, folosit\u0103 \u00een mod obi\u0219nuit \u0219i \u00eentr-un format u\u0219or de citit, precum \u0219i (ii) dreptul ca aceste date s\u0103 fie transmise de c\u0103tre [de\u021bin\u0103torul website-ului] c\u0103tre alt operator de date, \u00een m\u0103sura \u00een care sunt \u00eendeplinite condi\u021biile prev\u0103zute de lege;<br \/>* dreptul la opozi\u021bie \u2013 \u00een ceea ce prive\u0219te activit\u0103\u021bile de prelucrare se poate exercita prin transmiterea unei solicit\u0103ri conform celor indicate mai jos;<br \/>\u2013 \u00een orice moment, din motive legate de situa\u021bia particular\u0103 \u00een care se afl\u0103 persoana vizat\u0103, ca datele care o vizeaz\u0103 s\u0103 fie prelucrate \u00een temeiul interesului legitim al [de\u021bin\u0103torul website-ului]sau \u00een temeiul interesului public, cu excep\u021bia cazurilor \u00een care [de\u021bin\u0103torul website-ului] poate demonstra c\u0103 are motive legitime \u0219i imperioase care justific\u0103 prelucarea \u0219i care prevaleaz\u0103 asupra intereselor, drepturilor \u0219i libert\u0103\u021bilor persoanelor vizate sau c\u0103 scopul este constatarea, exercitarea sau apararea unui drept \u00een instan\u021b\u0103;<br \/>\u2013 \u00een orice moment, \u00een mod gratuit \u0219i f\u0103r\u0103 nicio justificare, c\u0103 datele care o vizeaz\u0103 s\u0103 fie prelucrate \u00een scop de marketing direct.<br \/>* dreptul de a nu fi supus unei decizii individuale automate, respectiv dreptul de a nu fi subiectul unei decizii luate numai pe baza unor activit\u0103\u021bi de prelucrare automate, inclusiv crearea de profiluri, care produce efecte juridice care privesc persoana vizat\u0103 sau o afecteaz\u0103 \u00een mod similar \u00eentr-o m\u0103sur\u0103 semnificativ\u0103;<br \/>* dreptul de a v\u0103 adresa Autorit\u0103\u0163ii Na\u0163ionale de Supraveghere a Prelucr\u0103rii Datelor cu Caracter Personal sau instan\u021belor competente, \u00een m\u0103sura \u00een care considera\u021bi necesar.<\/p><p>Pentru orice \u00eentreb\u0103ri suplimentare cu privire la modul \u00een care datele cu caracter personal sunt prelucrate \u0219i pentru a v\u0103 exercita drepturile men\u021bionate mai sus, v\u0103 rug\u0103m s\u0103 v\u0103 adresa\u021bi la adresa de email: aurora@aurora-sm.ro<\/p>\t\t\t\t\t<\/div>\n\t\t\t\t\t\t<\/div>\n\t\t\t\t<\/div>\n\t\t\t\t<div class=\"elementor-element elementor-element-0b9f7b1 elementor-align-center elementor-widget elementor-widget-button\" data-id=\"0b9f7b1\" data-element_type=\"widget\" data-widget_type=\"button.default\">\n\t\t\t\t<div class=\"elementor-widget-container\">\n\t\t\t\t\t<div class=\"elementor-button-wrapper\">\n\t\t\t<a href=\"https:\/\/aurora-sm.ro\/new\/\" class=\"elementor-button-link elementor-button elementor-size-sm\" role=\"button\">\n\t\t\t\t\t\t<span class=\"elementor-button-content-wrapper\">\n\t\t\t\t\t\t<span class=\"elementor-button-text\">Acas\u0103<\/span>\n\t\t<\/span>\n\t\t\t\t\t<\/a>\n\t\t<\/div>\n\t\t\t\t<\/div>\n\t\t\t\t<\/div>\n\t\t\t\t<div class=\"elementor-element elementor-element-4a4299f elementor-widget elementor-widget-spacer\" data-id=\"4a4299f\" data-element_type=\"widget\" data-widget_type=\"spacer.default\">\n\t\t\t\t<div class=\"elementor-widget-container\">\n\t\t\t\t\t<div class=\"elementor-spacer\">\n\t\t\t<div class=\"elementor-spacer-inner\"><\/div>\n\t\t<\/div>\n\t\t\t\t<\/div>\n\t\t\t\t<\/div>\n\t\t\t\t\t\t<\/div>\n\t\t\t\t\t<\/div>\n\t\t<\/div>\n\t\t\t\t\t\t\t\t<\/div>\n\t\t\t\t\t<\/div>\n\t\t<\/section>\n\t\t\t\t<section class=\"elementor-section elementor-top-section elementor-element elementor-element-7bb0594 elementor-section-boxed elementor-section-height-default elementor-section-height-default\" data-id=\"7bb0594\" data-element_type=\"section\">\n\t\t\t\t\t\t<div class=\"elementor-container elementor-column-gap-default\">\n\t\t\t\t\t\t\t<div class=\"elementor-row\">\n\t\t\t\t\t<div class=\"elementor-column elementor-col-100 elementor-top-column elementor-element elementor-element-e2de5d1\" data-id=\"e2de5d1\" data-element_type=\"column\">\n\t\t\t<div class=\"elementor-column-wrap\">\n\t\t\t\t\t\t\t<div class=\"elementor-widget-wrap\">\n\t\t\t\t\t\t\t\t<\/div>\n\t\t\t\t\t<\/div>\n\t\t<\/div>\n\t\t\t\t\t\t\t\t<\/div>\n\t\t\t\t\t<\/div>\n\t\t<\/section>\n\t\t\t\t\t\t\t\t\t<\/div>\n\t\t\t<\/div>\n\t\t\t\t\t<\/div>\n\t\t","protected":false},"excerpt":{"rendered":"<p>POLITICA DE UTILIZARE A COOKIE-URILOR hra &nbsp; &nbsp; &nbsp; &nbsp; &nbsp; &nbsp;Document de informare a utilizatorilor despre prezen\u021ba cookie-urilor pe site-ul web aurora-sm.ro. Informa\u021biile prezentate \u00een continuare au scopul de a aduce la cuno\u0219tin\u021ba utilizatorului mai multe detalii despre plasarea, utilizarea \u0219i administrarea cookie-urilor utilizate de site-ul aurora-sm.ro Ce este un cookie? &nbsp; &nbsp; &nbsp; [&hellip;]<\/p>\n","protected":false},"author":3,"featured_media":0,"parent":11,"menu_order":0,"comment_status":"closed","ping_status":"closed","template":"","meta":{"footnotes":""},"class_list":["post-1532","page","type-page","status-publish","hentry"],"_links":{"self":[{"href":"https:\/\/aurora-sm.ro\/new\/wp-json\/wp\/v2\/pages\/1532","targetHints":{"allow":["GET"]}}],"collection":[{"href":"https:\/\/aurora-sm.ro\/new\/wp-json\/wp\/v2\/pages"}],"about":[{"href":"https:\/\/aurora-sm.ro\/new\/wp-json\/wp\/v2\/types\/page"}],"author":[{"embeddable":true,"href":"https:\/\/aurora-sm.ro\/new\/wp-json\/wp\/v2\/users\/3"}],"replies":[{"embeddable":true,"href":"https:\/\/aurora-sm.ro\/new\/wp-json\/wp\/v2\/comments?post=1532"}],"version-history":[{"count":4,"href":"https:\/\/aurora-sm.ro\/new\/wp-json\/wp\/v2\/pages\/1532\/revisions"}],"predecessor-version":[{"id":2501,"href":"https:\/\/aurora-sm.ro\/new\/wp-json\/wp\/v2\/pages\/1532\/revisions\/2501"}],"up":[{"embeddable":true,"href":"https:\/\/aurora-sm.ro\/new\/wp-json\/wp\/v2\/pages\/11"}],"wp:attachment":[{"href":"https:\/\/aurora-sm.ro\/new\/wp-json\/wp\/v2\/media?parent=1532"}],"curies":[{"name":"wp","href":"https:\/\/api.w.org\/{rel}","templated":true}]}}