{"id":1385,"date":"2021-05-28T06:36:18","date_gmt":"2021-05-28T06:36:18","guid":{"rendered":"https:\/\/aurora-sm.ro\/new\/?page_id=1385"},"modified":"2023-09-13T13:41:47","modified_gmt":"2023-09-13T11:41:47","slug":"proiect-fonduri-europene","status":"publish","type":"page","link":"https:\/\/aurora-sm.ro\/new\/en\/proiect-fonduri-europene\/","title":{"rendered":"About Project"},"content":{"rendered":"<div data-elementor-type=\"wp-page\" data-elementor-id=\"1385\" class=\"elementor elementor-1385\">\n\t\t\t\t\t\t<div class=\"elementor-inner\">\n\t\t\t\t<div class=\"elementor-section-wrap\">\n\t\t\t\t\t\t\t\t\t<section class=\"elementor-section elementor-top-section elementor-element elementor-element-3a6a9d8 elementor-section-boxed elementor-section-height-default elementor-section-height-default\" data-id=\"3a6a9d8\" data-element_type=\"section\">\n\t\t\t\t\t\t<div class=\"elementor-container elementor-column-gap-default\">\n\t\t\t\t\t\t\t<div class=\"elementor-row\">\n\t\t\t\t\t<div class=\"elementor-column elementor-col-100 elementor-top-column elementor-element elementor-element-332da7e\" data-id=\"332da7e\" data-element_type=\"column\">\n\t\t\t<div class=\"elementor-column-wrap elementor-element-populated\">\n\t\t\t\t\t\t\t<div class=\"elementor-widget-wrap\">\n\t\t\t\t\t\t<div class=\"elementor-element elementor-element-c5306f9 elementor-widget elementor-widget-spacer\" data-id=\"c5306f9\" data-element_type=\"widget\" data-widget_type=\"spacer.default\">\n\t\t\t\t<div class=\"elementor-widget-container\">\n\t\t\t\t\t<div class=\"elementor-spacer\">\n\t\t\t<div class=\"elementor-spacer-inner\"><\/div>\n\t\t<\/div>\n\t\t\t\t<\/div>\n\t\t\t\t<\/div>\n\t\t\t\t\t\t<\/div>\n\t\t\t\t\t<\/div>\n\t\t<\/div>\n\t\t\t\t\t\t\t\t<\/div>\n\t\t\t\t\t<\/div>\n\t\t<\/section>\n\t\t\t\t<section class=\"elementor-section elementor-top-section elementor-element elementor-element-4a7f5e4 elementor-section-height-min-height elementor-section-boxed elementor-section-height-default elementor-section-items-middle\" data-id=\"4a7f5e4\" data-element_type=\"section\">\n\t\t\t\t\t\t<div class=\"elementor-container elementor-column-gap-default\">\n\t\t\t\t\t\t\t<div class=\"elementor-row\">\n\t\t\t\t\t<div class=\"elementor-column elementor-col-25 elementor-top-column elementor-element elementor-element-8206ad5\" data-id=\"8206ad5\" data-element_type=\"column\">\n\t\t\t<div class=\"elementor-column-wrap elementor-element-populated\">\n\t\t\t\t\t\t\t<div class=\"elementor-widget-wrap\">\n\t\t\t\t\t\t<div class=\"elementor-element elementor-element-0131699 elementor-invisible elementor-widget elementor-widget-image\" data-id=\"0131699\" data-element_type=\"widget\" data-settings=\"{&quot;_animation&quot;:&quot;fadeIn&quot;,&quot;_animation_delay&quot;:100}\" data-widget_type=\"image.default\">\n\t\t\t\t<div class=\"elementor-widget-container\">\n\t\t\t\t\t\t\t\t<div class=\"elementor-image\">\n\t\t\t\t\t\t\t\t\t\t\t\t<img loading=\"lazy\" decoding=\"async\" width=\"800\" height=\"830\" src=\"https:\/\/aurora-sm.ro\/new\/wp-content\/uploads\/2021\/06\/logo-ue.png\" class=\"attachment-large size-large wp-image-1400\" alt=\"despre proiect\" \/>\t\t\t\t\t\t\t\t\t\t\t\t\t\t<\/div>\n\t\t\t\t\t\t<\/div>\n\t\t\t\t<\/div>\n\t\t\t\t\t\t<\/div>\n\t\t\t\t\t<\/div>\n\t\t<\/div>\n\t\t\t\t<div class=\"elementor-column elementor-col-25 elementor-top-column elementor-element elementor-element-e7731ac\" data-id=\"e7731ac\" data-element_type=\"column\">\n\t\t\t<div class=\"elementor-column-wrap elementor-element-populated\">\n\t\t\t\t\t\t\t<div class=\"elementor-widget-wrap\">\n\t\t\t\t\t\t<div class=\"elementor-element elementor-element-f2655e3 elementor-invisible elementor-widget elementor-widget-image\" data-id=\"f2655e3\" data-element_type=\"widget\" data-settings=\"{&quot;_animation&quot;:&quot;fadeIn&quot;,&quot;_animation_delay&quot;:200}\" data-widget_type=\"image.default\">\n\t\t\t\t<div class=\"elementor-widget-container\">\n\t\t\t\t\t\t\t\t<div class=\"elementor-image\">\n\t\t\t\t\t\t\t\t\t\t\t\t<img loading=\"lazy\" decoding=\"async\" width=\"800\" height=\"800\" src=\"https:\/\/aurora-sm.ro\/new\/wp-content\/uploads\/2021\/05\/Sigla_guvernului_Romaniei_versiunea_2016_cu_coroana.png\" class=\"attachment-large size-large wp-image-1378\" alt=\"\" \/>\t\t\t\t\t\t\t\t\t\t\t\t\t\t<\/div>\n\t\t\t\t\t\t<\/div>\n\t\t\t\t<\/div>\n\t\t\t\t\t\t<\/div>\n\t\t\t\t\t<\/div>\n\t\t<\/div>\n\t\t\t\t<div class=\"elementor-column elementor-col-25 elementor-top-column elementor-element elementor-element-de8709e\" data-id=\"de8709e\" data-element_type=\"column\">\n\t\t\t<div class=\"elementor-column-wrap elementor-element-populated\">\n\t\t\t\t\t\t\t<div class=\"elementor-widget-wrap\">\n\t\t\t\t\t\t<div class=\"elementor-element elementor-element-a266303 elementor-invisible elementor-widget elementor-widget-image\" data-id=\"a266303\" data-element_type=\"widget\" data-settings=\"{&quot;_animation&quot;:&quot;fadeIn&quot;,&quot;_animation_delay&quot;:300}\" data-widget_type=\"image.default\">\n\t\t\t\t<div class=\"elementor-widget-container\">\n\t\t\t\t\t\t\t\t<div class=\"elementor-image\">\n\t\t\t\t\t\t\t\t\t\t\t\t<img loading=\"lazy\" decoding=\"async\" width=\"770\" height=\"434\" src=\"https:\/\/aurora-sm.ro\/new\/wp-content\/uploads\/2021\/05\/Chenar-articole-web-foto-770x434-1.jpg\" class=\"attachment-large size-large wp-image-1387\" alt=\"despre proiect\" \/>\t\t\t\t\t\t\t\t\t\t\t\t\t\t<\/div>\n\t\t\t\t\t\t<\/div>\n\t\t\t\t<\/div>\n\t\t\t\t\t\t<\/div>\n\t\t\t\t\t<\/div>\n\t\t<\/div>\n\t\t\t\t<div class=\"elementor-column elementor-col-25 elementor-top-column elementor-element elementor-element-df9f98a\" data-id=\"df9f98a\" data-element_type=\"column\">\n\t\t\t<div class=\"elementor-column-wrap elementor-element-populated\">\n\t\t\t\t\t\t\t<div class=\"elementor-widget-wrap\">\n\t\t\t\t\t\t<div class=\"elementor-element elementor-element-deccaef elementor-invisible elementor-widget elementor-widget-image\" data-id=\"deccaef\" data-element_type=\"widget\" data-settings=\"{&quot;_animation&quot;:&quot;fadeIn&quot;,&quot;_animation_delay&quot;:400}\" data-widget_type=\"image.default\">\n\t\t\t\t<div class=\"elementor-widget-container\">\n\t\t\t\t\t\t\t\t<div class=\"elementor-image\">\n\t\t\t\t\t\t\t\t\t\t\t\t<img loading=\"lazy\" decoding=\"async\" width=\"300\" height=\"272\" src=\"https:\/\/aurora-sm.ro\/new\/wp-content\/uploads\/2021\/05\/Instrumente-Structurale-logo-300x272-1.jpg\" class=\"attachment-large size-large wp-image-1389\" alt=\"despre proiect\" \/>\t\t\t\t\t\t\t\t\t\t\t\t\t\t<\/div>\n\t\t\t\t\t\t<\/div>\n\t\t\t\t<\/div>\n\t\t\t\t\t\t<\/div>\n\t\t\t\t\t<\/div>\n\t\t<\/div>\n\t\t\t\t\t\t\t\t<\/div>\n\t\t\t\t\t<\/div>\n\t\t<\/section>\n\t\t\t\t<section class=\"elementor-section elementor-top-section elementor-element elementor-element-2047ba4 elementor-section-boxed elementor-section-height-default elementor-section-height-default\" data-id=\"2047ba4\" data-element_type=\"section\">\n\t\t\t\t\t\t<div class=\"elementor-container elementor-column-gap-default\">\n\t\t\t\t\t\t\t<div class=\"elementor-row\">\n\t\t\t\t\t<div class=\"elementor-column elementor-col-100 elementor-top-column elementor-element elementor-element-374e8cb\" data-id=\"374e8cb\" data-element_type=\"column\">\n\t\t\t<div class=\"elementor-column-wrap elementor-element-populated\">\n\t\t\t\t\t\t\t<div class=\"elementor-widget-wrap\">\n\t\t\t\t\t\t<div class=\"elementor-element elementor-element-00eb5b2 elementor-hidden-tablet elementor-hidden-phone elementor-widget elementor-widget-spacer\" data-id=\"00eb5b2\" data-element_type=\"widget\" data-widget_type=\"spacer.default\">\n\t\t\t\t<div class=\"elementor-widget-container\">\n\t\t\t\t\t<div class=\"elementor-spacer\">\n\t\t\t<div class=\"elementor-spacer-inner\"><\/div>\n\t\t<\/div>\n\t\t\t\t<\/div>\n\t\t\t\t<\/div>\n\t\t\t\t<div class=\"elementor-element elementor-element-c343ef0 elementor-widget elementor-widget-heading\" data-id=\"c343ef0\" data-element_type=\"widget\" data-widget_type=\"heading.default\">\n\t\t\t\t<div class=\"elementor-widget-container\">\n\t\t\t<h2 class=\"elementor-heading-title elementor-size-default\">Despre proiect<\/h2>\t\t<\/div>\n\t\t\t\t<\/div>\n\t\t\t\t<div class=\"elementor-element elementor-element-91e66e1 elementor-hidden-tablet elementor-hidden-phone elementor-widget elementor-widget-spacer\" data-id=\"91e66e1\" data-element_type=\"widget\" data-widget_type=\"spacer.default\">\n\t\t\t\t<div class=\"elementor-widget-container\">\n\t\t\t\t\t<div class=\"elementor-spacer\">\n\t\t\t<div class=\"elementor-spacer-inner\"><\/div>\n\t\t<\/div>\n\t\t\t\t<\/div>\n\t\t\t\t<\/div>\n\t\t\t\t<div class=\"elementor-element elementor-element-aacea57 elementor-widget elementor-widget-text-editor\" data-id=\"aacea57\" data-element_type=\"widget\" data-widget_type=\"text-editor.default\">\n\t\t\t\t<div class=\"elementor-widget-container\">\n\t\t\t\t\t\t\t\t<div class=\"elementor-text-editor elementor-clearfix\">\n\t\t\t\t<p><strong>&nbsp; &nbsp; &nbsp; S.C. AURORA S.A.<\/strong> cu sediul \u00een municipiul Satu Mare, Str. Pia\u021ba Libert\u0103\u021bii, nr. 11, jude\u021bul Satu Mare, CUI 644796,&nbsp;&nbsp;&nbsp; &nbsp;J 30\/6\/1991, a implementat proiectul cu titlul: \u201eModernizare \u0219i extindere hotel Aurora\u201d, cod SMIS 114136, co-finan\u0163at prin <strong>Fondul European de Dezvoltare Regional\u0103,<\/strong> \u00een baza contractului de finan\u0163are nr. <strong>1944 \/ 07.05.2018 <\/strong>\u00eencheiat cu Ministerul Dezvolt\u0103rii, Lucr\u0103rilor Publice \u0219i Administra\u021biei \u00een calitate de Autoritate de Management pentru Programul Opera\u021bional Regional 2014-2020 \u015fi Agen\u0163ia de Dezvoltare Regional\u0103 Nord-Vest \u00een calitate de Organism Intermediar.<\/p>\n<p>&nbsp; &nbsp; &nbsp;Valoarea total\u0103 a proiectului a fost de 6.604.601,27 lei, din care asisten\u0163a financiar\u0103&nbsp; nerambursabil\u0103 a fost de 4.001.355,36 lei, din care 3.401.152,06 lei din FEDR \u0219i 600.203,30 lei din Bugetul Na\u021bional.<\/p>\n<p>&nbsp; &nbsp; &nbsp;Proiectul s-a implementat la sediul social al societ\u0103\u021bii \u00een Regiunea Nord-Vest, jude\u0163ul Satu Mare, municipiul Satu Mare, Str. Pia\u021ba Libert\u0103\u021bii, nr. 11,&nbsp; prin REGIO &#8211; Programul Opera\u021bional Regional 2014-2020, Axa prioritar\u0103 2 \u2013 \u00cembun\u0103t\u0103\u021birea competitivit\u0103\u021bii \u00eentreprinderilor mici \u0219i mijlocii, Prioritatea de investi\u021bii 2.2 \u2013 Sprijinirea cre\u0103rii \u0219i extinderea capacit\u0103\u021bilor avansate de produc\u021bie \u0219i dezvoltarea serviciilor.<\/p>\n<p><strong>&nbsp; &nbsp; &nbsp;Obiectivul general<\/strong> al proiectului \u201eModernizare \u0219i extindere hotel Aurora\u201d a fost realizarea unei investi\u021bii ce va determina \u00eembun\u0103t\u0103\u021birea competitivit\u0103\u021bii economice a S.C. AURORA S.A. prin cre\u0219terea productivit\u0103\u021bii muncii proprii \u0219i a sectorului de turism hotelier.<\/p>\n<p><strong>&nbsp;&nbsp;&nbsp;&nbsp;&nbsp;&nbsp;&nbsp;&nbsp;&nbsp;&nbsp;&nbsp;&nbsp;&nbsp;&nbsp;&nbsp; Obiectivele specifice <\/strong>ale proiectului au fost:<\/p>\n<p>&nbsp; &nbsp; &nbsp;1.Introducerea inov\u0103rii de serviciu \u0219i de proces \u00een cadrul societ\u0103\u021bii prin extinderea \u0219i modernizarea Hotelului Aurora \u0219i prin achizi\u021bia a 97 active noi \u0219i performante necesare pentru buna operare a investi\u021biei: Camer\u0103 frigorific\u0103-3 buc, Espressor cafea-1 buc, Ma\u0219in\u0103 cuburi de ghea\u021b\u0103-1 buc, Insul\u0103 Bufet suedez cald-1 buc, Insul\u0103 Bufet suedez refrigerat-1 buc, Vitrin\u0103 bufet cald\u0103-1 buc, Vitrin\u0103 bufet refrigerat\u0103-1 buc, Aparat granite-1 buc, Set dot\u0103ri restaurant-1 buc, Hot\u0103 central\u0103-1 buc, Motor extern pentru hot\u0103-1 buc, Set cuptor electric cu convec\u021bie-1 buc, Cuptor electric pentru pizza-1 buc, Dulap frigorific 1-1 buc, Dulap frigorific 2-1 buc, Dulap frigorific 3-1 buc, Canapea-2 buc, Set 9 birouri cu scaun-1 buc, Set 55 scaune sal\u0103 conferin\u021b\u0103 2 &#8211; etaj -1 buc, Garderob\u0103 -1 buc, Set mas\u0103 cu 4 scaune restaurant \u0219i sal\u0103 conferin\u021b\u0103 1-55 buc, Set mobilier recep\u021bie-1 buc, Set elemente Ascensor-1 buc, Sistem \u00eenchidere centralizat\u0103 -1 buc, Set 3 Reclame luminoase -1 buc, Set echipamente hardware restaurant-1 buc, Set echipamente hardware recep\u021bie-1 buc, Set sonorizare-lumini-1 buc, Band\u0103 de alergare -1 buc, Biciclet\u0103 -2 buc, set supor\u021bi \u00eempingere \u0219i \u00eendoire-1 buc, set b\u0103nci fitness-1 buc, Set gantere \u0219i bare-1 buc, Chiller Aer\/Ap\u0103-1 buc, Central\u0103 de tratare a aerului-1 buc, Kit Hidraulic de transfer circula\u021bie \u0219i reglaj-1 buc, Sistem de climatizare-1 buc, Sistem panouri solare-1 buc, Software HOTELIER-1 buc.<\/p>\n<ol start=\"2\">\n<li>Dezvoltarea societ\u0103\u021bii Aurora SA pe pia\u021ba de turism, prin cre\u0219terea credibilit\u0103\u021bii hotelului \u0219i a vizibilit\u0103\u021bii pe plan interna\u021bional prin participarea la un t\u00e2rg intern\u021bional \u0219i prin certificare de management ISO 9001 \u0219i certificare de servicii hoteliere.<\/li>\n<\/ol>\n<p><strong>Scopul investitiei initiale: <\/strong><\/p>\n<p>&nbsp; &nbsp; &nbsp;Const\u0103 \u00een extinderea capacit\u0103\u021bii Hotelului Aurora de prestare a serviciilor hoteliere proprii, prin cre\u0219terea volumului serviciilor hoteliere aferent domeniului de activitate 5510 \u2013 Hoteluri \u0219i alte facilit\u0103\u021bi de cazare similare, vizat de investi\u021bie ca urmare a realiz\u0103rii activit\u0103\u021bilor propuse prin proiect. Prin aceast\u0103 dezvoltare SC Aurora SA va realiza o inovare at\u00e2t de serviciu c\u00e2t \u0219i de proces.<\/p>\n<p><strong>&nbsp; &nbsp; &nbsp;Rezultatele <\/strong>proiectului au fost:<\/p>\n<p>1 cladire extins\u0103 \u0219i modernizat\u0103<\/p>\n<ol start=\"2\">\n<li>97 active corporale \u0219i necorporale noi \u0219i performante:Camer\u0103 frigorific\u0103-3 buc, Espressor cafea-1 buc, Ma\u0219in\u0103 cuburi de ghea\u021b\u0103-1 buc, Insul\u0103 Bufet suedez cald-1 buc, Insul\u0103 Bufet suedez refrigerat-1 buc, Vitrin\u0103 bufet cald\u0103-1 buc, Vitrin\u0103 bufet refrigerat\u0103-1 buc, Aparat granite-1 buc, Set dot\u0103ri restaurant-1 buc, Hot\u0103 central\u0103-1 buc, Motor extern pentru hot\u0103-1 buc, Set cuptor electric cu convec\u021bie-1 buc, Cuptor electric pentru pizza-1 buc, Dulap frigorific 1-1 buc, Dulap frigorific 2-1 buc, Dulap frigorific 3-1 buc, Canapea-2 buc, Set 9 birouri cu scaun-1 buc, Set 55 scaune sal\u0103 conferin\u021b\u0103 2 &#8211; etaj -1 buc, Garderob\u0103-1 buc, Set mas\u0103 cu 4 scaune restaurant \u0219i sal\u0103 conferin\u021b\u0103 1-55 buc, Set mobilier recep\u021bie-1 buc, Set elemente Ascensor-1 buc, Sistem \u00eenchidere centralizat\u0103-1 buc, Set 3 Reclame luminoase -1 buc, Set echipamente hardware restaurant-1 buc, Set echipamente hardware recep\u021bie-1 buc, Set sonorizare-lumini-1 buc, Band\u0103 de alergare -1 buc<\/li>\n<\/ol>\n<p>&nbsp; &nbsp; Biciclet\u0103-2 buc, SET SUPORTI \u00eempingere \u0219i \u00eendoire-1 buc, SET B\u0102NCI fitness-1 buc, Set gantere \u0219i bare-1 buc, Chiller Aer\/Ap\u0103-1 buc, Central\u0103 de tratare a aerului-1 buc, Kit Hidraulic de transfer circula\u021bie \u0219i reglaj-1 buc, Sistem de climatizare-1 buc, Sistem panouri solare-1 buc, Software HOTELIER-1 buc<\/p>\n<ol start=\"3\">\n<li>1 participare la un t\u00e2rg interna\u021bional on line, 1 sistem de management ISO 9001 certificat, 1 serviciu hotelier certificat.<\/li>\n<\/ol>\n<p>Data de \u00eencepere a proiectului: 07.05.2018<\/p>\n<p>Data de finalizare a proiectului: 31.05.2021<\/p>\n<p><strong>&nbsp;<\/strong><\/p>\n<p><strong>&nbsp; &nbsp; Informa\u021bii despre impactul investi\u021biei la nivelul localit\u0103\u021bii \/ regiunii <\/strong><\/p>\n<p>&nbsp;Dezvoltarea regiunii prin \u00eembun\u0103t\u0103\u021birea competitivit\u0103\u021bii economice a societ\u0103\u021bii pe pia\u021b\u0103 \u00een domeniul hotelier<\/p>\n<p>&nbsp; &nbsp; Crearea unui loc de munc\u0103 nou pentru persoane defavorizate&nbsp;<\/p>\n<p><strong>&nbsp; &nbsp; Date de contact: Pentru detalii suplimentare<\/strong> v\u0103 st\u0103m la dispozi\u0163ie la sediul social al firmei sau la tel. <strong>0730713550<\/strong>, e-mail proiect.aurora@gmail.com, persoana de contact <strong>P\u0102CURAR Traian.<\/strong><\/p>\n<p><strong>Pentru informa\u021bii detaliate despre celelalte programe cofinan\u021bate de Uniunea European\u0103, v\u0103 invit\u0103m s\u0103 vizita\u021bi <\/strong><a href=\"http:\/\/www.fonduri-ue.ro\" target=\"_blank\" rel=\"noopener\"><strong>www.fonduri-ue.ro<\/strong><\/a><\/p>\n<p><strong>Programului Opera\u021bional Regional 2014 \u2013 2020: <\/strong><a href=\"http:\/\/www.inforegio.ro\" target=\"_blank\" rel=\"noopener\"><strong>www.inforegio.ro<\/strong><\/a><\/p>\n<p><strong>Facebook:&nbsp; <a href=\"http:\/\/www.facebook.com\/inforegio.ro\" target=\"_blank\" rel=\"noopener\">www.facebook.com\/inforegio.ro<\/a><\/strong><\/p>\t\t\t\t\t<\/div>\n\t\t\t\t\t\t<\/div>\n\t\t\t\t<\/div>\n\t\t\t\t\t\t<\/div>\n\t\t\t\t\t<\/div>\n\t\t<\/div>\n\t\t\t\t\t\t\t\t<\/div>\n\t\t\t\t\t<\/div>\n\t\t<\/section>\n\t\t\t\t<section class=\"elementor-section elementor-top-section elementor-element elementor-element-369bbb3 elementor-section-boxed elementor-section-height-default elementor-section-height-default\" data-id=\"369bbb3\" data-element_type=\"section\">\n\t\t\t\t\t\t<div class=\"elementor-container elementor-column-gap-default\">\n\t\t\t\t\t\t\t<div class=\"elementor-row\">\n\t\t\t\t\t<div class=\"elementor-column elementor-col-100 elementor-top-column elementor-element elementor-element-bd55de2\" data-id=\"bd55de2\" data-element_type=\"column\">\n\t\t\t<div class=\"elementor-column-wrap elementor-element-populated\">\n\t\t\t\t\t\t\t<div class=\"elementor-widget-wrap\">\n\t\t\t\t\t\t<div class=\"elementor-element elementor-element-9c29ec4 elementor-widget elementor-widget-spacer\" data-id=\"9c29ec4\" data-element_type=\"widget\" data-widget_type=\"spacer.default\">\n\t\t\t\t<div class=\"elementor-widget-container\">\n\t\t\t\t\t<div class=\"elementor-spacer\">\n\t\t\t<div class=\"elementor-spacer-inner\"><\/div>\n\t\t<\/div>\n\t\t\t\t<\/div>\n\t\t\t\t<\/div>\n\t\t\t\t<section class=\"elementor-section elementor-inner-section elementor-element elementor-element-3410250 elementor-section-boxed elementor-section-height-default elementor-section-height-default\" data-id=\"3410250\" data-element_type=\"section\">\n\t\t\t\t\t\t<div class=\"elementor-container elementor-column-gap-default\">\n\t\t\t\t\t\t\t<div class=\"elementor-row\">\n\t\t\t\t\t<div class=\"elementor-column elementor-col-50 elementor-inner-column elementor-element elementor-element-7f39828\" data-id=\"7f39828\" data-element_type=\"column\">\n\t\t\t<div class=\"elementor-column-wrap elementor-element-populated\">\n\t\t\t\t\t\t\t<div class=\"elementor-widget-wrap\">\n\t\t\t\t\t\t<div class=\"elementor-element elementor-element-9de069a elementor-align-right elementor-mobile-align-center elementor-widget elementor-widget-button\" data-id=\"9de069a\" data-element_type=\"widget\" data-widget_type=\"button.default\">\n\t\t\t\t<div class=\"elementor-widget-container\">\n\t\t\t\t\t<div class=\"elementor-button-wrapper\">\n\t\t\t<a href=\"https:\/\/aurora-sm.ro\/new\/en\/contact\/\" class=\"elementor-button-link elementor-button elementor-size-sm\" role=\"button\">\n\t\t\t\t\t\t<span class=\"elementor-button-content-wrapper\">\n\t\t\t\t\t\t<span class=\"elementor-button-text\">Contact<\/span>\n\t\t<\/span>\n\t\t\t\t\t<\/a>\n\t\t<\/div>\n\t\t\t\t<\/div>\n\t\t\t\t<\/div>\n\t\t\t\t\t\t<\/div>\n\t\t\t\t\t<\/div>\n\t\t<\/div>\n\t\t\t\t<div class=\"elementor-column elementor-col-50 elementor-inner-column elementor-element elementor-element-d487146\" data-id=\"d487146\" data-element_type=\"column\">\n\t\t\t<div class=\"elementor-column-wrap elementor-element-populated\">\n\t\t\t\t\t\t\t<div class=\"elementor-widget-wrap\">\n\t\t\t\t\t\t<div class=\"elementor-element elementor-element-8ee54f8 elementor-align-left elementor-mobile-align-center elementor-widget elementor-widget-button\" data-id=\"8ee54f8\" data-element_type=\"widget\" data-widget_type=\"button.default\">\n\t\t\t\t<div class=\"elementor-widget-container\">\n\t\t\t\t\t<div class=\"elementor-button-wrapper\">\n\t\t\t<a href=\"https:\/\/aurora-sm.ro\/new\/en\/despre\/\" class=\"elementor-button-link elementor-button elementor-size-sm\" role=\"button\">\n\t\t\t\t\t\t<span class=\"elementor-button-content-wrapper\">\n\t\t\t\t\t\t<span class=\"elementor-button-text\">ABOUT US<\/span>\n\t\t<\/span>\n\t\t\t\t\t<\/a>\n\t\t<\/div>\n\t\t\t\t<\/div>\n\t\t\t\t<\/div>\n\t\t\t\t\t\t<\/div>\n\t\t\t\t\t<\/div>\n\t\t<\/div>\n\t\t\t\t\t\t\t\t<\/div>\n\t\t\t\t\t<\/div>\n\t\t<\/section>\n\t\t\t\t<div class=\"elementor-element elementor-element-0d19323 elementor-widget elementor-widget-spacer\" data-id=\"0d19323\" data-element_type=\"widget\" data-widget_type=\"spacer.default\">\n\t\t\t\t<div class=\"elementor-widget-container\">\n\t\t\t\t\t<div class=\"elementor-spacer\">\n\t\t\t<div class=\"elementor-spacer-inner\"><\/div>\n\t\t<\/div>\n\t\t\t\t<\/div>\n\t\t\t\t<\/div>\n\t\t\t\t\t\t<\/div>\n\t\t\t\t\t<\/div>\n\t\t<\/div>\n\t\t\t\t\t\t\t\t<\/div>\n\t\t\t\t\t<\/div>\n\t\t<\/section>\n\t\t\t\t\t\t\t\t\t<\/div>\n\t\t\t<\/div>\n\t\t\t\t\t<\/div>","protected":false},"excerpt":{"rendered":"<p>Despre proiect &nbsp; &nbsp; &nbsp; S.C. AURORA S.A. cu sediul \u00een municipiul Satu Mare, Str. Pia\u021ba Libert\u0103\u021bii, nr. 11, jude\u021bul Satu Mare, CUI 644796,&nbsp;&nbsp;&nbsp; &nbsp;J 30\/6\/1991, a implementat proiectul cu titlul: \u201eModernizare \u0219i extindere hotel Aurora\u201d, cod SMIS 114136, co-finan\u0163at prin Fondul European de Dezvoltare Regional\u0103, \u00een baza contractului de finan\u0163are nr. 1944 \/ 07.05.2018 [&hellip;]<\/p>","protected":false},"author":3,"featured_media":0,"parent":0,"menu_order":0,"comment_status":"closed","ping_status":"closed","template":"","meta":{"footnotes":""},"class_list":["post-1385","page","type-page","status-publish","hentry"],"_links":{"self":[{"href":"https:\/\/aurora-sm.ro\/new\/en\/wp-json\/wp\/v2\/pages\/1385","targetHints":{"allow":["GET"]}}],"collection":[{"href":"https:\/\/aurora-sm.ro\/new\/en\/wp-json\/wp\/v2\/pages"}],"about":[{"href":"https:\/\/aurora-sm.ro\/new\/en\/wp-json\/wp\/v2\/types\/page"}],"author":[{"embeddable":true,"href":"https:\/\/aurora-sm.ro\/new\/en\/wp-json\/wp\/v2\/users\/3"}],"replies":[{"embeddable":true,"href":"https:\/\/aurora-sm.ro\/new\/en\/wp-json\/wp\/v2\/comments?post=1385"}],"version-history":[{"count":10,"href":"https:\/\/aurora-sm.ro\/new\/en\/wp-json\/wp\/v2\/pages\/1385\/revisions"}],"predecessor-version":[{"id":2507,"href":"https:\/\/aurora-sm.ro\/new\/en\/wp-json\/wp\/v2\/pages\/1385\/revisions\/2507"}],"wp:attachment":[{"href":"https:\/\/aurora-sm.ro\/new\/en\/wp-json\/wp\/v2\/media?parent=1385"}],"curies":[{"name":"wp","href":"https:\/\/api.w.org\/{rel}","templated":true}]}}